{"id":7450,"date":"2025-08-03T23:26:57","date_gmt":"2025-08-03T21:26:57","guid":{"rendered":"http:\/\/krzan.pl\/?page_id=7450"},"modified":"2025-08-03T23:27:17","modified_gmt":"2025-08-03T21:27:17","slug":"o-autorze","status":"publish","type":"page","link":"https:\/\/krzan.pl\/index.php\/o-autorze\/","title":{"rendered":"O Autorze"},"content":{"rendered":"\n<figure class=\"wp-block-image size-large\"><img loading=\"lazy\" decoding=\"async\" width=\"1024\" height=\"683\" data-attachment-id=\"7451\" data-permalink=\"https:\/\/krzan.pl\/index.php\/o-autorze\/3pp5186-2048x1365\/\" data-orig-file=\"https:\/\/krzan.pl\/wp-content\/uploads\/2025\/08\/3PP5186-2048x1365-1.jpg\" data-orig-size=\"2048,1365\" data-comments-opened=\"1\" data-image-meta=\"{&quot;aperture&quot;:&quot;4.5&quot;,&quot;credit&quot;:&quot;&quot;,&quot;camera&quot;:&quot;NIKON D850&quot;,&quot;caption&quot;:&quot;&quot;,&quot;created_timestamp&quot;:&quot;1655323561&quot;,&quot;copyright&quot;:&quot;&quot;,&quot;focal_length&quot;:&quot;32&quot;,&quot;iso&quot;:&quot;500&quot;,&quot;shutter_speed&quot;:&quot;0.33333333333333&quot;,&quot;title&quot;:&quot;&quot;,&quot;orientation&quot;:&quot;0&quot;}\" data-image-title=\"3PP5186-2048&amp;#215;1365\" data-image-description=\"\" data-image-caption=\"\" data-large-file=\"https:\/\/krzan.pl\/wp-content\/uploads\/2025\/08\/3PP5186-2048x1365-1-1024x683.jpg\" src=\"http:\/\/krzan.pl\/wp-content\/uploads\/2025\/08\/3PP5186-2048x1365-1-1024x683.jpg\" alt=\"\" class=\"wp-image-7451\" srcset=\"https:\/\/krzan.pl\/wp-content\/uploads\/2025\/08\/3PP5186-2048x1365-1-1024x683.jpg 1024w, https:\/\/krzan.pl\/wp-content\/uploads\/2025\/08\/3PP5186-2048x1365-1-300x200.jpg 300w, https:\/\/krzan.pl\/wp-content\/uploads\/2025\/08\/3PP5186-2048x1365-1-768x512.jpg 768w, https:\/\/krzan.pl\/wp-content\/uploads\/2025\/08\/3PP5186-2048x1365-1-1536x1024.jpg 1536w, https:\/\/krzan.pl\/wp-content\/uploads\/2025\/08\/3PP5186-2048x1365-1.jpg 2048w\" sizes=\"auto, (max-width: 1024px) 100vw, 1024px\" \/><\/figure>\n\n\n\n<p><\/p>\n\n\n\n<p>Witaj na mojej stronie! Jestem Pawe\u0142, fotograf z ponad dwudziestoletnim do\u015bwiadczeniem, a moj\u0105 pasj\u0105 i obszarem zainteresowa\u0144 jest magiczne miasto Krak\u00f3w. To niezwyk\u0142e miejsce, pe\u0142ne historii i kulturowego bogactwa, sta\u0142o si\u0119 moim g\u0142\u00f3wnym \u017ar\u00f3d\u0142em inspiracji, kt\u00f3rej oddaj\u0119 si\u0119 z pe\u0142nym zaanga\u017cowaniem.<\/p>\n\n\n\n<p>Moje podej\u015bcie do fotografii charakteryzuje si\u0119 poszukiwaniem nowych perspektyw, dlatego fotografuj\u0119 Krak\u00f3w z ka\u017cdej mo\u017cliwej wie\u017cy ko\u015bcio\u0142a, wysokiego budynku, \u017curawia budowlanego czy drona. Chc\u0119 uchwyci\u0107 niepowtarzalno\u015b\u0107 miasta, pokazuj\u0105c je z r\u00f3\u017cnych k\u0105t\u00f3w, podczas r\u00f3\u017cnych zjawisk pogodowych \u2013 od malowniczych wschod\u00f3w po spektakularne zachody s\u0142o\u0144ca, a tak\u017ce mistyczne mg\u0142y nad krakowskimi zabytkami.<\/p>\n\n\n\n<p>Na mojej stronie, krakow4u.pl, kt\u00f3r\u0105 prowadz\u0119 od dwudziestu lat, dziel\u0119 si\u0119 z Tob\u0105 moj\u0105 mi\u0142o\u015bci\u0105 do Krakowa. To miejsce, gdzie zgromadzi\u0142em wszystkie moje wyj\u0105tkowe fotografie miasta kr\u00f3l\u00f3w. Ka\u017cda z nich to nie tylko obraz, ale tak\u017ce opowie\u015b\u0107 o historii, kulturze i atmosferze Krakowa. Znajdziesz tam unikalne spojrzenie na architektur\u0119, krajobrazy i widoki Krakowa, kt\u00f3re uwieczni\u0142em na zlecenie z pasj\u0105 i profesjonalizmem.<\/p>\n\n\n\n<p>Jestem tak\u017ce dost\u0119pny do wsp\u00f3\u0142pracy, wykonuj\u0105c profesjonalne sesje zdj\u0119ciowe Krakowa, architektury czy nieruchomo\u015bci na indywidualne zlecenia. Je\u015bli chcesz uwieczni\u0107 swoj\u0105 przestrze\u0144 w wyj\u0105tkowy spos\u00f3b, \u015bmia\u0142o si\u0119 ze mn\u0105 skontaktuj!<\/p>\n\n\n\n<p>Dzi\u0119kuj\u0119, \u017ce odwiedzi\u0142e\u015b moj\u0105 stron\u0119. Zapraszam do odkrywania pi\u0119kna Krakowa poprzez moje obiektywy i do\u0142\u0105cz do podr\u00f3\u017cy przez krakowskie ulice, zau\u0142ki i zabytki!<\/p>\n","protected":false},"excerpt":{"rendered":"<p>Witaj na mojej stronie! Jestem Pawe\u0142, fotograf z ponad dwudziestoletnim do\u015bwiadczeniem, a moj\u0105 pasj\u0105 i obszarem zainteresowa\u0144 jest magiczne miasto Krak\u00f3w. To niezwyk\u0142e miejsce, pe\u0142ne&hellip; <\/p>\n","protected":false},"author":1,"featured_media":0,"parent":0,"menu_order":0,"comment_status":"closed","ping_status":"closed","template":"","meta":{"footnotes":""},"class_list":["post-7450","page","type-page","status-publish","hentry"],"jetpack_sharing_enabled":true,"_links":{"self":[{"href":"https:\/\/krzan.pl\/index.php\/wp-json\/wp\/v2\/pages\/7450","targetHints":{"allow":["GET"]}}],"collection":[{"href":"https:\/\/krzan.pl\/index.php\/wp-json\/wp\/v2\/pages"}],"about":[{"href":"https:\/\/krzan.pl\/index.php\/wp-json\/wp\/v2\/types\/page"}],"author":[{"embeddable":true,"href":"https:\/\/krzan.pl\/index.php\/wp-json\/wp\/v2\/users\/1"}],"replies":[{"embeddable":true,"href":"https:\/\/krzan.pl\/index.php\/wp-json\/wp\/v2\/comments?post=7450"}],"version-history":[{"count":2,"href":"https:\/\/krzan.pl\/index.php\/wp-json\/wp\/v2\/pages\/7450\/revisions"}],"predecessor-version":[{"id":7453,"href":"https:\/\/krzan.pl\/index.php\/wp-json\/wp\/v2\/pages\/7450\/revisions\/7453"}],"wp:attachment":[{"href":"https:\/\/krzan.pl\/index.php\/wp-json\/wp\/v2\/media?parent=7450"}],"curies":[{"name":"wp","href":"https:\/\/api.w.org\/{rel}","templated":true}]}}