{"id":7012,"date":"2024-03-27T19:13:12","date_gmt":"2024-03-27T18:13:12","guid":{"rendered":"http:\/\/krakow4u.dkonto.pl\/?page_id=7012"},"modified":"2025-11-25T10:38:05","modified_gmt":"2025-11-25T09:38:05","slug":"kalendarz-krakow4u","status":"publish","type":"page","link":"https:\/\/krzan.pl\/index.php\/kalendarz-krakow4u\/","title":{"rendered":"Kalendarz krakow4u.pl"},"content":{"rendered":"\n<p class=\"has-text-align-center\"><strong>PREZENTUJEMY WAM KALENDARZ Z MAGICZNYMI<br>ZDJ\u0118CIAMI KRAKOWA NA 2026 ROK<\/strong><\/p>\n\n\n<div class=\"wp-block-image\">\n<figure class=\"aligncenter size-full\"><img loading=\"lazy\" decoding=\"async\" width=\"563\" height=\"800\" data-attachment-id=\"8883\" data-permalink=\"https:\/\/krzan.pl\/index.php\/kalendarz-krakow4u\/default-429\/\" data-orig-file=\"https:\/\/krzan.pl\/wp-content\/uploads\/2025\/11\/000_okladka_DJI_PK2024_0822_0821.jpg\" data-orig-size=\"563,800\" data-comments-opened=\"1\" data-image-meta=\"{&quot;aperture&quot;:&quot;2.8&quot;,&quot;credit&quot;:&quot;&quot;,&quot;camera&quot;:&quot;FC4382&quot;,&quot;caption&quot;:&quot;default&quot;,&quot;created_timestamp&quot;:&quot;1726379779&quot;,&quot;copyright&quot;:&quot;&quot;,&quot;focal_length&quot;:&quot;19.35&quot;,&quot;iso&quot;:&quot;100&quot;,&quot;shutter_speed&quot;:&quot;0.01&quot;,&quot;title&quot;:&quot;default&quot;,&quot;orientation&quot;:&quot;1&quot;}\" data-image-title=\"default\" data-image-description=\"\" data-image-caption=\"&lt;p&gt;default&lt;\/p&gt;\n\" data-large-file=\"https:\/\/krzan.pl\/wp-content\/uploads\/2025\/11\/000_okladka_DJI_PK2024_0822_0821.jpg\" src=\"http:\/\/krzan.pl\/wp-content\/uploads\/2025\/11\/000_okladka_DJI_PK2024_0822_0821.jpg\" alt=\"\" class=\"wp-image-8883\" srcset=\"https:\/\/krzan.pl\/wp-content\/uploads\/2025\/11\/000_okladka_DJI_PK2024_0822_0821.jpg 563w, https:\/\/krzan.pl\/wp-content\/uploads\/2025\/11\/000_okladka_DJI_PK2024_0822_0821-211x300.jpg 211w\" sizes=\"auto, (max-width: 563px) 100vw, 563px\" \/><\/figure>\n<\/div>\n\n\n<p class=\"has-text-align-center\">Ekskluzywny KALENDARZ ze zdj\u0119ciami Paw\u0142a Krzana,<br>NA 2026 ROK MO\u017bE BY\u0106 TW\u00d3J.<\/p>\n\n\n\n<p class=\"has-text-align-center\">JU\u017b DZI\u015a ZAM\u00d3W GO W CENIE:<br><strong>90 Z\u0141OTYCH + koszty wysy\u0142ki<\/strong><br>(17 z\u0142 &#8211; paczka pocztowa ekonomiczna,<br>17 z\u0142 &#8211; paczkomat inPost)<\/p>\n\n\n\n<p class=\"has-text-align-center\">W sprawie zakupu kalendarza prosz\u0119 o kontakt:<br><a href=\"mailto:kalendarz@krakow4u.pl\"><strong>kalendarz@krakow4u.pl<\/strong><\/a><\/p>\n\n\n\n<p class=\"has-text-align-center\"><strong>Prosz\u0119 o podanie w zam\u00f3wieniu adresu do wysy\u0142ki i ilo\u015bci zamawianych kalendarzy<\/strong>,<br>w odpowiedzi prze\u015bl\u0119 dane do przelewu. Kalendarz wysy\u0142am po dokonaniu wp\u0142aty na konto.<\/p>\n\n\n\n<p class=\"has-text-align-center\">wymiary kalendarza: 33 x 48 cm, 6 kart zadrukowanych zdj\u0119ciami miesi\u0119cy obustronnie,<br>+ 1 karta tytu\u0142owa<br>Ca\u0142o\u015b\u0107 lakierowana, wydrukowana na matowym papierze kredowym 250g\/m2 silk.<\/p>\n\n\n\n<p class=\"has-text-align-center\">W przypadku wysy\u0142ki poza granic\u0119 Polski, kalendarz wysy\u0142am jako paczk\u0119,<br>wg cennika ze strony: <a href=\"http:\/\/cennik.poczta-polska.pl\/usluga,zagraniczny_paczka_pocztowa.html\" target=\"_blank\" rel=\"noreferrer noopener\"><strong>Poczty Polskiej (LINK)<\/strong><\/a><br>waga paczki z 1 kalendarzem nie przekracza 1 kg,<br>2-3 kalendarze mieszcz\u0105 si\u0119 w przedziale do 2 kg.<\/p>\n\n\n\n<hr class=\"wp-block-separator has-alpha-channel-opacity\"\/>\n\n\n\n<div data-wp-interactive=\"core\/file\" class=\"wp-block-file\"><object data-wp-bind--hidden=\"!state.hasPdfPreview\" hidden class=\"wp-block-file__embed\" data=\"http:\/\/krzan.pl\/wp-content\/uploads\/2025\/11\/kalendarz_krakow4u_2026.pdf\" type=\"application\/pdf\" style=\"width:100%;height:600px\" aria-label=\"Osadzone z kalendarz_krakow4u_2026.\"><\/object><a id=\"wp-block-file--media-06fe41b4-565f-49a1-984b-a10dd6b19383\" href=\"http:\/\/krzan.pl\/wp-content\/uploads\/2025\/11\/kalendarz_krakow4u_2026.pdf\">kalendarz_krakow4u_2026<\/a><a href=\"http:\/\/krzan.pl\/wp-content\/uploads\/2025\/11\/kalendarz_krakow4u_2026.pdf\" class=\"wp-block-file__button wp-element-button\" download aria-describedby=\"wp-block-file--media-06fe41b4-565f-49a1-984b-a10dd6b19383\">Pobierz<\/a><\/div>\n\n\n\n<p><\/p>\n","protected":false},"excerpt":{"rendered":"<p>PREZENTUJEMY WAM KALENDARZ Z MAGICZNYMIZDJ\u0118CIAMI KRAKOWA NA 2026 ROK Ekskluzywny KALENDARZ ze zdj\u0119ciami Paw\u0142a Krzana,NA 2026 ROK MO\u017bE BY\u0106 TW\u00d3J. JU\u017b DZI\u015a ZAM\u00d3W GO W&hellip; <\/p>\n","protected":false},"author":1,"featured_media":0,"parent":0,"menu_order":0,"comment_status":"closed","ping_status":"closed","template":"page-templates\/gallery-template.php","meta":{"footnotes":""},"class_list":["post-7012","page","type-page","status-publish","hentry"],"jetpack_sharing_enabled":true,"_links":{"self":[{"href":"https:\/\/krzan.pl\/index.php\/wp-json\/wp\/v2\/pages\/7012","targetHints":{"allow":["GET"]}}],"collection":[{"href":"https:\/\/krzan.pl\/index.php\/wp-json\/wp\/v2\/pages"}],"about":[{"href":"https:\/\/krzan.pl\/index.php\/wp-json\/wp\/v2\/types\/page"}],"author":[{"embeddable":true,"href":"https:\/\/krzan.pl\/index.php\/wp-json\/wp\/v2\/users\/1"}],"replies":[{"embeddable":true,"href":"https:\/\/krzan.pl\/index.php\/wp-json\/wp\/v2\/comments?post=7012"}],"version-history":[{"count":1,"href":"https:\/\/krzan.pl\/index.php\/wp-json\/wp\/v2\/pages\/7012\/revisions"}],"predecessor-version":[{"id":8886,"href":"https:\/\/krzan.pl\/index.php\/wp-json\/wp\/v2\/pages\/7012\/revisions\/8886"}],"wp:attachment":[{"href":"https:\/\/krzan.pl\/index.php\/wp-json\/wp\/v2\/media?parent=7012"}],"curies":[{"name":"wp","href":"https:\/\/api.w.org\/{rel}","templated":true}]}}