{"id":566,"date":"2024-01-22T17:28:57","date_gmt":"2024-01-22T16:28:57","guid":{"rendered":"http:\/\/krakow4u.dkonto.pl\/?page_id=566"},"modified":"2024-01-22T17:28:57","modified_gmt":"2024-01-22T16:28:57","slug":"sprzedaz-zdjec","status":"publish","type":"page","link":"https:\/\/krzan.pl\/index.php\/sprzedaz-zdjec\/","title":{"rendered":"Sprzeda\u017c zdj\u0119\u0107"},"content":{"rendered":"\n<div class=\"wp-block-columns is-layout-flex wp-container-core-columns-is-layout-9d6595d7 wp-block-columns-is-layout-flex\">\n<div class=\"wp-block-column is-layout-flow wp-block-column-is-layout-flow\" style=\"flex-basis:66.66%\">\n<p><strong>Doskona\u0142ej jako\u015bci wydruki zdj\u0119\u0107 ze strony krakow4u.pl<br>dla Ciebie<\/strong><\/p>\n\n\n\n<p>JU\u017b TERAZ ZAM\u00d3W DOWOLNE ZDJ\u0118CIE ZE STRONY krakow4u.pl<br>W POSTACI GOTOWEGO DO ZAWIESZENIA NA \u015aCIANIE WYDRUKU.<\/p>\n\n\n\n<p>Poni\u017csze ceny dotycz\u0105 wydruk\u00f3w na <strong>p\u0142ycie dibond<\/strong><br>Wydruk zdj\u0119cia nie posiada obramowania, jest zawieszony na zamontowanej z ty\u0142u niewidocznej ramce<br>(tzw. zawieszce dystansowej lub metalowej), dzi\u0119ki jej grubo\u015bci odstaje od \u015bciany, co bardzo fajnie wygl\u0105da. Drukowany na bardzo dobrym papierze fotograficznym Ilford i zabezpieczony specjaln\u0105 foli\u0105 (matow\u0105 lub b\u0142yszcz\u0105c\u0105)<br>30 x 20 cm <strong>250 z\u0142<\/strong><br>40 x 30 cm <strong>400 z\u0142<\/strong><br>50 x 40 cm <strong>450 z\u0142<\/strong><br>60 x 40 cm <strong>520 z\u0142<\/strong><br>75 x 50 cm <strong>600 z\u0142<\/strong><br>90 x 60 cm <strong>700 z\u0142<\/strong><br>100 x 70 cm <strong>820 z\u0142<\/strong><br>150 x 100 cm <strong>1200 z\u0142<\/strong><\/p>\n\n\n\n<p>Poni\u017csze ceny dotycz\u0105 wydruk\u00f3w na <strong>p\u0142\u00f3tnie<\/strong><br>Wydruk zdj\u0119cia na p\u0142\u00f3tnie bawe\u0142nianym 300g zabezpieczony werniksem naci\u0105gni\u0119ty na blejtram<br>30 x 20 cm <strong>280 z\u0142<\/strong><br>40 x 30 cm <strong>440 z\u0142<\/strong><br>50 x 40 cm <strong>490 z\u0142<\/strong><br>60 x 40 cm <strong>550 z\u0142<\/strong><br>75 x 50 cm <strong>600 z\u0142<\/strong><br>90 x 60 cm <strong>690 z\u0142<\/strong><br>100 x 70 cm <strong>790 z\u0142<\/strong><br>150 x 100 cm <strong>990 z\u0142<\/strong><\/p>\n\n\n\n<p>Zar\u00f3wno format wydruku jak i materia\u0142 mo\u017ce by\u0107 dowolny, zapytaj &#8211; prze\u015bl\u0119 wycen\u0119 mailem \ud83d\ude42<\/p>\n\n\n\n<p>Prosz\u0119 o przes\u0142anie <a href=\"mailto:foto@krakow4u.pl\"><strong>E-maila<\/strong><\/a> z informacj\u0105 o wybranym zdj\u0119ciu w postaci linku, miniaturki, nazwy, a tak\u017ce wybranym formacie fotografii.<\/p>\n\n\n\n<p>Zdj\u0119cia mo\u017cna odebra\u0107 na miejscu, mog\u0105 by\u0107 r\u00f3wnie\u017c wys\u0142ane w dowolne miejsce w Polsce i na \u015bwiecie &#8211; wtedy do kosztu fotografii doliczany jest koszt wysy\u0142ki.<\/p>\n\n\n\n<p>\u00bb E-mail:<br><a href=\"mailto:foto@krakow4u.pl\"><strong>foto@krakow4u.pl<\/strong><\/a><\/p>\n\n\n\n<p>\u00bb <strong>zam\u00f3w telefonicznie:<\/strong><br><strong>+48 887-233-795<\/strong><\/p>\n\n\n\n<p><strong>Sprzedaj\u0119 r\u00f3wnie\u017c zdj\u0119cia w postaci plik\u00f3w cyfrowych.<br>Koszt zale\u017cy od wybranego zdj\u0119cia i w przypadku jednej fotografii wynosi pomi\u0119dzy 200 &#8211; 8000 z\u0142.<\/strong><\/p>\n<\/div>\n\n\n\n<div class=\"wp-block-column is-layout-flow wp-block-column-is-layout-flow\" style=\"flex-basis:33.33%\">\n<div class=\"wp-block-jetpack-tiled-gallery aligncenter is-style-rectangular\"><div class=\"tiled-gallery__gallery\"><div class=\"tiled-gallery__row\"><div class=\"tiled-gallery__col\" style=\"flex-basis:65.07055%\"><figure class=\"tiled-gallery__item\"><img decoding=\"async\" role=\"button\" tabindex=\"0\" aria-label=\"Otw\u00f3rz obrazek 1 z 5 w trybie pe\u0142noekranowym\"srcset=\"https:\/\/i2.wp.com\/krakow4u.dkonto.pl\/wp-content\/uploads\/2024\/01\/galeria1_d-1024x744.jpg?strip=info&#038;w=600 600w,https:\/\/i2.wp.com\/krakow4u.dkonto.pl\/wp-content\/uploads\/2024\/01\/galeria1_d-1024x744.jpg?strip=info&#038;w=900 900w,https:\/\/i2.wp.com\/krakow4u.dkonto.pl\/wp-content\/uploads\/2024\/01\/galeria1_d-1024x744.jpg?strip=info&#038;w=1200 1200w,https:\/\/i2.wp.com\/krakow4u.dkonto.pl\/wp-content\/uploads\/2024\/01\/galeria1_d-1024x744.jpg?strip=info&#038;w=1440 1440w\" alt=\"\" data-height=\"1046\" data-id=\"567\" data-link=\"http:\/\/krakow4u.dkonto.pl\/?attachment_id=567\" data-url=\"http:\/\/krakow4u.dkonto.pl\/wp-content\/uploads\/2024\/01\/galeria1_d-1024x744.jpg\" data-width=\"1440\" src=\"https:\/\/i2.wp.com\/krakow4u.dkonto.pl\/wp-content\/uploads\/2024\/01\/galeria1_d-1024x744.jpg\" data-amp-layout=\"responsive\"\/><\/figure><\/div><div class=\"tiled-gallery__col\" style=\"flex-basis:34.92945%\"><figure class=\"tiled-gallery__item\"><img decoding=\"async\" role=\"button\" tabindex=\"0\" aria-label=\"Otw\u00f3rz obrazek 2 z 5 w trybie pe\u0142noekranowym\"srcset=\"https:\/\/i2.wp.com\/krakow4u.dkonto.pl\/wp-content\/uploads\/2024\/01\/galeria2_d-1024x683.jpg?strip=info&#038;w=600 600w,https:\/\/i2.wp.com\/krakow4u.dkonto.pl\/wp-content\/uploads\/2024\/01\/galeria2_d-1024x683.jpg?strip=info&#038;w=900 900w,https:\/\/i2.wp.com\/krakow4u.dkonto.pl\/wp-content\/uploads\/2024\/01\/galeria2_d-1024x683.jpg?strip=info&#038;w=1200 1200w,https:\/\/i2.wp.com\/krakow4u.dkonto.pl\/wp-content\/uploads\/2024\/01\/galeria2_d-1024x683.jpg?strip=info&#038;w=1440 1440w\" alt=\"\" data-height=\"961\" data-id=\"568\" data-link=\"http:\/\/krakow4u.dkonto.pl\/?attachment_id=568\" data-url=\"http:\/\/krakow4u.dkonto.pl\/wp-content\/uploads\/2024\/01\/galeria2_d-1024x683.jpg\" data-width=\"1440\" src=\"https:\/\/i2.wp.com\/krakow4u.dkonto.pl\/wp-content\/uploads\/2024\/01\/galeria2_d-1024x683.jpg\" data-amp-layout=\"responsive\"\/><\/figure><figure class=\"tiled-gallery__item\"><img decoding=\"async\" role=\"button\" tabindex=\"0\" aria-label=\"Otw\u00f3rz obrazek 3 z 5 w trybie pe\u0142noekranowym\"srcset=\"https:\/\/i0.wp.com\/krakow4u.dkonto.pl\/wp-content\/uploads\/2024\/01\/galeria3_d-1024x678.jpg?strip=info&#038;w=600 600w,https:\/\/i0.wp.com\/krakow4u.dkonto.pl\/wp-content\/uploads\/2024\/01\/galeria3_d-1024x678.jpg?strip=info&#038;w=900 900w,https:\/\/i0.wp.com\/krakow4u.dkonto.pl\/wp-content\/uploads\/2024\/01\/galeria3_d-1024x678.jpg?strip=info&#038;w=1200 1200w,https:\/\/i0.wp.com\/krakow4u.dkonto.pl\/wp-content\/uploads\/2024\/01\/galeria3_d-1024x678.jpg?strip=info&#038;w=1440 1440w\" alt=\"\" data-height=\"953\" data-id=\"569\" data-link=\"http:\/\/krakow4u.dkonto.pl\/?attachment_id=569\" data-url=\"http:\/\/krakow4u.dkonto.pl\/wp-content\/uploads\/2024\/01\/galeria3_d-1024x678.jpg\" data-width=\"1440\" src=\"https:\/\/i0.wp.com\/krakow4u.dkonto.pl\/wp-content\/uploads\/2024\/01\/galeria3_d-1024x678.jpg\" data-amp-layout=\"responsive\"\/><\/figure><\/div><\/div><div class=\"tiled-gallery__row\"><div class=\"tiled-gallery__col\" style=\"flex-basis:50.00000%\"><figure class=\"tiled-gallery__item\"><img decoding=\"async\" role=\"button\" tabindex=\"0\" aria-label=\"Otw\u00f3rz obrazek 4 z 5 w trybie pe\u0142noekranowym\"srcset=\"https:\/\/i0.wp.com\/krakow4u.dkonto.pl\/wp-content\/uploads\/2024\/01\/galeria4_d-1024x683.jpg?strip=info&#038;w=600 600w,https:\/\/i0.wp.com\/krakow4u.dkonto.pl\/wp-content\/uploads\/2024\/01\/galeria4_d-1024x683.jpg?strip=info&#038;w=900 900w,https:\/\/i0.wp.com\/krakow4u.dkonto.pl\/wp-content\/uploads\/2024\/01\/galeria4_d-1024x683.jpg?strip=info&#038;w=1200 1200w,https:\/\/i0.wp.com\/krakow4u.dkonto.pl\/wp-content\/uploads\/2024\/01\/galeria4_d-1024x683.jpg?strip=info&#038;w=1440 1440w\" alt=\"\" data-height=\"961\" data-id=\"570\" data-link=\"http:\/\/krakow4u.dkonto.pl\/?attachment_id=570\" data-url=\"http:\/\/krakow4u.dkonto.pl\/wp-content\/uploads\/2024\/01\/galeria4_d-1024x683.jpg\" data-width=\"1440\" src=\"https:\/\/i0.wp.com\/krakow4u.dkonto.pl\/wp-content\/uploads\/2024\/01\/galeria4_d-1024x683.jpg\" data-amp-layout=\"responsive\"\/><\/figure><\/div><div class=\"tiled-gallery__col\" style=\"flex-basis:50.00000%\"><figure class=\"tiled-gallery__item\"><img decoding=\"async\" role=\"button\" tabindex=\"0\" aria-label=\"Otw\u00f3rz obrazek 5 z 5 w trybie pe\u0142noekranowym\"srcset=\"https:\/\/i0.wp.com\/krakow4u.dkonto.pl\/wp-content\/uploads\/2024\/01\/galeria5_d-1024x683.jpg?strip=info&#038;w=600 600w,https:\/\/i0.wp.com\/krakow4u.dkonto.pl\/wp-content\/uploads\/2024\/01\/galeria5_d-1024x683.jpg?strip=info&#038;w=900 900w,https:\/\/i0.wp.com\/krakow4u.dkonto.pl\/wp-content\/uploads\/2024\/01\/galeria5_d-1024x683.jpg?strip=info&#038;w=1200 1200w,https:\/\/i0.wp.com\/krakow4u.dkonto.pl\/wp-content\/uploads\/2024\/01\/galeria5_d-1024x683.jpg?strip=info&#038;w=1440 1440w\" alt=\"\" data-height=\"961\" data-id=\"571\" data-link=\"http:\/\/krakow4u.dkonto.pl\/?attachment_id=571\" data-url=\"http:\/\/krakow4u.dkonto.pl\/wp-content\/uploads\/2024\/01\/galeria5_d-1024x683.jpg\" data-width=\"1440\" src=\"https:\/\/i0.wp.com\/krakow4u.dkonto.pl\/wp-content\/uploads\/2024\/01\/galeria5_d-1024x683.jpg\" data-amp-layout=\"responsive\"\/><\/figure><\/div><\/div><\/div><\/div>\n<\/div>\n<\/div>\n","protected":false},"excerpt":{"rendered":"<p>Doskona\u0142ej jako\u015bci wydruki zdj\u0119\u0107 ze strony krakow4u.pldla Ciebie JU\u017b TERAZ ZAM\u00d3W DOWOLNE ZDJ\u0118CIE ZE STRONY krakow4u.plW POSTACI GOTOWEGO DO ZAWIESZENIA NA \u015aCIANIE WYDRUKU. Poni\u017csze ceny&hellip; <\/p>\n","protected":false},"author":1,"featured_media":0,"parent":0,"menu_order":0,"comment_status":"closed","ping_status":"closed","template":"page-templates\/gallery-template.php","meta":{"footnotes":""},"class_list":["post-566","page","type-page","status-publish","hentry"],"jetpack_sharing_enabled":true,"_links":{"self":[{"href":"https:\/\/krzan.pl\/index.php\/wp-json\/wp\/v2\/pages\/566","targetHints":{"allow":["GET"]}}],"collection":[{"href":"https:\/\/krzan.pl\/index.php\/wp-json\/wp\/v2\/pages"}],"about":[{"href":"https:\/\/krzan.pl\/index.php\/wp-json\/wp\/v2\/types\/page"}],"author":[{"embeddable":true,"href":"https:\/\/krzan.pl\/index.php\/wp-json\/wp\/v2\/users\/1"}],"replies":[{"embeddable":true,"href":"https:\/\/krzan.pl\/index.php\/wp-json\/wp\/v2\/comments?post=566"}],"version-history":[{"count":0,"href":"https:\/\/krzan.pl\/index.php\/wp-json\/wp\/v2\/pages\/566\/revisions"}],"wp:attachment":[{"href":"https:\/\/krzan.pl\/index.php\/wp-json\/wp\/v2\/media?parent=566"}],"curies":[{"name":"wp","href":"https:\/\/api.w.org\/{rel}","templated":true}]}}