{"id":2870,"date":"2025-08-01T22:22:00","date_gmt":"2025-08-01T20:22:00","guid":{"rendered":"http:\/\/krakow4u.dkonto.pl\/?page_id=2870"},"modified":"2025-08-11T08:45:32","modified_gmt":"2025-08-11T06:45:32","slug":"oferta-fotograficzna","status":"publish","type":"page","link":"https:\/\/krzan.pl\/index.php\/oferta-fotograficzna\/","title":{"rendered":"Oferta fotograficzna"},"content":{"rendered":"\n<div class=\"wp-block-columns is-layout-flex wp-container-core-columns-is-layout-9d6595d7 wp-block-columns-is-layout-flex\">\n<div class=\"wp-block-column is-layout-flow wp-block-column-is-layout-flow\"><\/div>\n\n\n\n<div class=\"wp-block-column is-layout-flow wp-block-column-is-layout-flow\">\n<p><strong>Fotografia wn\u0119trz<\/strong><\/p>\n\n\n\n<p>Profesjonalne uj\u0119cia hoteli, biur i apartament\u00f3w, kt\u00f3re podkre\u015blaj\u0105 charakter przestrzeni i jej atuty architektoniczne. Ka\u017cde zdj\u0119cie oddaje klimat miejsca i zach\u0119ca do odwiedzin lub zakupu.<\/p>\n\n\n\n<p><\/p>\n<\/div>\n<\/div>\n\n\n\n<hr class=\"wp-block-separator has-alpha-channel-opacity\"\/>\n\n\n\n<div class=\"wp-block-columns is-layout-flex wp-container-core-columns-is-layout-9d6595d7 wp-block-columns-is-layout-flex\">\n<div class=\"wp-block-column is-layout-flow wp-block-column-is-layout-flow\"><\/div>\n\n\n\n<div class=\"wp-block-column is-layout-flow wp-block-column-is-layout-flow\">\n<p><strong>Nieruchomo\u015bci \u2013 uj\u0119cia z drona<\/strong><\/p>\n\n\n\n<p>Perspektywa z lotu ptaka ukazuj\u0105ca ca\u0142\u0105 inwestycj\u0119 i jej otoczenie. Idealna do prezentacji osiedli, dom\u00f3w i budynk\u00f3w komercyjnych w atrakcyjnej, szerokiej skali.<\/p>\n\n\n\n<p><\/p>\n<\/div>\n<\/div>\n\n\n\n<hr class=\"wp-block-separator has-alpha-channel-opacity\"\/>\n\n\n\n<div class=\"wp-block-columns is-layout-flex wp-container-core-columns-is-layout-9d6595d7 wp-block-columns-is-layout-flex\">\n<div class=\"wp-block-column is-layout-flow wp-block-column-is-layout-flow\"><\/div>\n\n\n\n<div class=\"wp-block-column is-layout-flow wp-block-column-is-layout-flow\">\n<p><strong>Nieruchomo\u015bci \u2013 fotografia naziemna<\/strong><\/p>\n\n\n\n<p>Szczeg\u00f3\u0142owe zdj\u0119cia dom\u00f3w, mieszka\u0144 i obiekt\u00f3w komercyjnych wykonane z poziomu gruntu. Pokazuj\u0105 architektur\u0119, detale wyko\u0144czenia oraz walory u\u017cytkowe nieruchomo\u015bci.<\/p>\n\n\n\n<p><\/p>\n<\/div>\n<\/div>\n\n\n\n<hr class=\"wp-block-separator has-alpha-channel-opacity\"\/>\n\n\n\n<div class=\"wp-block-columns is-layout-flex wp-container-core-columns-is-layout-9d6595d7 wp-block-columns-is-layout-flex\">\n<div class=\"wp-block-column is-layout-flow wp-block-column-is-layout-flow\"><\/div>\n\n\n\n<div class=\"wp-block-column is-layout-flow wp-block-column-is-layout-flow\">\n<p><strong>Infrastruktura komunikacyjna<\/strong><\/p>\n\n\n\n<p>Dokumentacja i prezentacja inwestycji drogowych, kolejowych, most\u00f3w oraz element\u00f3w transportu publicznego \u2013 zar\u00f3wno w uj\u0119ciach z ziemi, jak i z powietrza.<\/p>\n<\/div>\n<\/div>\n\n\n\n<hr class=\"wp-block-separator has-alpha-channel-opacity\"\/>\n\n\n\n<div class=\"wp-block-columns is-layout-flex wp-container-core-columns-is-layout-9d6595d7 wp-block-columns-is-layout-flex\">\n<div class=\"wp-block-column is-layout-flow wp-block-column-is-layout-flow\"><\/div>\n\n\n\n<div class=\"wp-block-column is-layout-flow wp-block-column-is-layout-flow\">\n<p><strong>Fotografia przemys\u0142owa i wizerunkowa<\/strong><\/p>\n\n\n\n<p>Zdj\u0119cia z hal produkcyjnych, zak\u0142ad\u00f3w przemys\u0142owych i proces\u00f3w technologicznych, uzupe\u0142nione portretami pracownik\u00f3w w trakcie pracy. Buduj\u0105 wiarygodny i profesjonalny wizerunek firmy.<\/p>\n<\/div>\n<\/div>\n\n\n\n<hr class=\"wp-block-separator has-alpha-channel-opacity\"\/>\n\n\n\n<div class=\"wp-block-columns is-layout-flex wp-container-core-columns-is-layout-9d6595d7 wp-block-columns-is-layout-flex\">\n<div class=\"wp-block-column is-layout-flow wp-block-column-is-layout-flow\"><\/div>\n\n\n\n<div class=\"wp-block-column is-layout-flow wp-block-column-is-layout-flow\">\n<p><strong>Wydarzenia i eventy<\/strong><\/p>\n\n\n\n<p>Reporta\u017ce fotograficzne z konferencji, targ\u00f3w, uroczysto\u015bci firmowych i innych wydarze\u0144 biznesowych. Dynamiczne kadry oddaj\u0105ce atmosfer\u0119 i znaczenie chwili.<\/p>\n<\/div>\n<\/div>\n","protected":false},"excerpt":{"rendered":"<p>Fotografia wn\u0119trz Profesjonalne uj\u0119cia hoteli, biur i apartament\u00f3w, kt\u00f3re podkre\u015blaj\u0105 charakter przestrzeni i jej atuty architektoniczne. Ka\u017cde zdj\u0119cie oddaje klimat miejsca i zach\u0119ca do odwiedzin&hellip; <\/p>\n","protected":false},"author":1,"featured_media":437,"parent":0,"menu_order":0,"comment_status":"closed","ping_status":"closed","template":"page-templates\/gallery-template.php","meta":{"footnotes":""},"class_list":["post-2870","page","type-page","status-publish","has-post-thumbnail","hentry"],"jetpack_sharing_enabled":true,"_links":{"self":[{"href":"https:\/\/krzan.pl\/index.php\/wp-json\/wp\/v2\/pages\/2870","targetHints":{"allow":["GET"]}}],"collection":[{"href":"https:\/\/krzan.pl\/index.php\/wp-json\/wp\/v2\/pages"}],"about":[{"href":"https:\/\/krzan.pl\/index.php\/wp-json\/wp\/v2\/types\/page"}],"author":[{"embeddable":true,"href":"https:\/\/krzan.pl\/index.php\/wp-json\/wp\/v2\/users\/1"}],"replies":[{"embeddable":true,"href":"https:\/\/krzan.pl\/index.php\/wp-json\/wp\/v2\/comments?post=2870"}],"version-history":[{"count":2,"href":"https:\/\/krzan.pl\/index.php\/wp-json\/wp\/v2\/pages\/2870\/revisions"}],"predecessor-version":[{"id":8664,"href":"https:\/\/krzan.pl\/index.php\/wp-json\/wp\/v2\/pages\/2870\/revisions\/8664"}],"wp:featuredmedia":[{"embeddable":true,"href":"https:\/\/krzan.pl\/index.php\/wp-json\/"}],"wp:attachment":[{"href":"https:\/\/krzan.pl\/index.php\/wp-json\/wp\/v2\/media?parent=2870"}],"curies":[{"name":"wp","href":"https:\/\/api.w.org\/{rel}","templated":true}]}}